{"id":5923,"date":"2021-04-28T14:37:06","date_gmt":"2021-04-28T13:37:06","guid":{"rendered":"https:\/\/peru-rabbit-439936.hostingersite.com\/?page_id=5923"},"modified":"2025-07-08T12:02:51","modified_gmt":"2025-07-08T11:02:51","slug":"location","status":"publish","type":"page","link":"https:\/\/lifezerowastewater.eu\/en\/location\/","title":{"rendered":"Location"},"content":{"rendered":"\t\t<div data-elementor-type=\"wp-page\" data-elementor-id=\"5923\" class=\"elementor elementor-5923 elementor-868\" data-elementor-post-type=\"page\">\n\t\t\t\t\t\t<section class=\"elementor-section elementor-top-section elementor-element elementor-element-724b1a5 elementor-section-stretched elementor-section-boxed elementor-section-height-default elementor-section-height-default\" data-id=\"724b1a5\" data-element_type=\"section\" data-e-type=\"section\" data-settings=\"{&quot;stretch_section&quot;:&quot;section-stretched&quot;,&quot;background_background&quot;:&quot;classic&quot;}\">\n\t\t\t\t\t\t<div class=\"elementor-container elementor-column-gap-default\">\n\t\t\t\t\t<div class=\"elementor-column elementor-col-100 elementor-top-column elementor-element elementor-element-421bb87\" data-id=\"421bb87\" data-element_type=\"column\" data-e-type=\"column\">\n\t\t\t<div class=\"elementor-widget-wrap elementor-element-populated\">\n\t\t\t\t\t\t<div class=\"elementor-element elementor-element-8b84117 elementor-widget elementor-widget-spacer\" data-id=\"8b84117\" data-element_type=\"widget\" data-e-type=\"widget\" data-widget_type=\"spacer.default\">\n\t\t\t\t<div class=\"elementor-widget-container\">\n\t\t\t\t\t\t\t<div class=\"elementor-spacer\">\n\t\t\t<div class=\"elementor-spacer-inner\"><\/div>\n\t\t<\/div>\n\t\t\t\t\t\t<\/div>\n\t\t\t\t<\/div>\n\t\t\t\t<section class=\"elementor-section elementor-inner-section elementor-element elementor-element-970a68b elementor-section-boxed elementor-section-height-default elementor-section-height-default\" data-id=\"970a68b\" data-element_type=\"section\" data-e-type=\"section\" data-settings=\"{&quot;background_background&quot;:&quot;classic&quot;}\">\n\t\t\t\t\t\t<div class=\"elementor-container elementor-column-gap-default\">\n\t\t\t\t\t<div class=\"elementor-column elementor-col-50 elementor-inner-column elementor-element elementor-element-57f1de9\" data-id=\"57f1de9\" data-element_type=\"column\" data-e-type=\"column\">\n\t\t\t<div class=\"elementor-widget-wrap elementor-element-populated\">\n\t\t\t\t\t\t<div class=\"elementor-element elementor-element-9f22619 elementor-widget elementor-widget-spacer\" data-id=\"9f22619\" data-element_type=\"widget\" data-e-type=\"widget\" data-widget_type=\"spacer.default\">\n\t\t\t\t<div class=\"elementor-widget-container\">\n\t\t\t\t\t\t\t<div class=\"elementor-spacer\">\n\t\t\t<div class=\"elementor-spacer-inner\"><\/div>\n\t\t<\/div>\n\t\t\t\t\t\t<\/div>\n\t\t\t\t<\/div>\n\t\t\t\t<div class=\"elementor-element elementor-element-055a0f1 divider_yes elementor-widget elementor-widget-wgl-double-headings\" data-id=\"055a0f1\" data-element_type=\"widget\" data-e-type=\"widget\" data-widget_type=\"wgl-double-headings.default\">\n\t\t\t\t<div class=\"elementor-widget-container\">\n\t\t\t\t\t<div class=\"wgl-double_heading aleft\"><div class=\"dbl-subtitle\"><span>Location<\/span><\/div>\t\t\t\t<h3 class=\"dbl-title_wrapper\"><span class=\"dbl-title dbl-title_1\">El Bobar WWTP<\/span> \t\t\t\t<\/h3><span class=\"dbl-title dbl-bg_text\">WWTP<\/span> \t\t<\/div>\t\t\t\t<\/div>\n\t\t\t\t<\/div>\n\t\t\t\t<div class=\"elementor-element elementor-element-28461e5 elementor-widget elementor-widget-text-editor\" data-id=\"28461e5\" data-element_type=\"widget\" data-e-type=\"widget\" data-widget_type=\"text-editor.default\">\n\t\t\t\t<div class=\"elementor-widget-container\">\n\t\t\t\t\t\t\t\t\t<p>The demo plant of the LIFE ZERO WASTE WATER project is located in El Bobar WWTP, Almer\u00eda<span style=\"font-family: sinovastd-regular; color: #3c3b3c;\">.<\/span><\/p>\n<p><span style=\"color: #76aadb; font-family: sinovastd-regular;\"><strong>Where are we?<\/strong><\/span><\/p>\n<p style=\"font-size: 16px; font-family: Muli; font-weight: 400; font-style: normal;\"><span style=\"font-family: sinovastd-regular; color: #3c3b3c;\">AQUALIA | El Bobar WWTP<\/span><\/p>\n<p style=\"font-size: 16px; font-family: Muli; font-weight: 400; font-style: normal;\"><span style=\"font-family: sinovastd-regular; color: #3c3b3c;\">El Bobar WWTP. <\/span>Camino el Bobar n\u00ba16,\u00a004120 La Ca\u00f1ada, Almer\u00eda, Espa\u00f1a.<\/p>\n<p><span style=\"color: #76aadb; font-family: sinovastd-regular;\"><strong>Why El Bobar?<\/strong><\/span><\/p>\n<p>Building this demonstrative plant started in 2021 at the Wastewater Treatment Plant (WWTP) in Valdebebas, Madrid. However, some works were required at the treatment plant and in january of 2024 the LZWW pilot plant was moved to El Bobar WWTP, in Almer\u00eda.<br \/><br \/>The treatment plant at El Bobar presents several important incentives. On one side, the high temperatures in Almer\u00eda (an annual average of 19,13 +\/- 6\u00baC) and the nutrient concentration values at this treatment plant output can promote the efficient operation of the process and contribute to the achievement of a database of great interest for this project. On the other, considering that agriculture is the dominant economic activity in Almer\u00eda, the reused water obtained from the different project stages, with different nutrient load, may be used for fertilizer irrigation.<\/p>\t\t\t\t\t\t\t\t<\/div>\n\t\t\t\t<\/div>\n\t\t\t\t\t<\/div>\n\t\t<\/div>\n\t\t\t\t<div class=\"elementor-column elementor-col-50 elementor-inner-column elementor-element elementor-element-464ef10\" data-id=\"464ef10\" data-element_type=\"column\" data-e-type=\"column\" data-settings=\"{&quot;background_background&quot;:&quot;classic&quot;}\">\n\t\t\t<div class=\"elementor-widget-wrap elementor-element-populated\">\n\t\t\t\t\t\t<div class=\"elementor-element elementor-element-6e7d5fb elementor-widget elementor-widget-spacer\" data-id=\"6e7d5fb\" data-element_type=\"widget\" data-e-type=\"widget\" data-widget_type=\"spacer.default\">\n\t\t\t\t<div class=\"elementor-widget-container\">\n\t\t\t\t\t\t\t<div class=\"elementor-spacer\">\n\t\t\t<div class=\"elementor-spacer-inner\"><\/div>\n\t\t<\/div>\n\t\t\t\t\t\t<\/div>\n\t\t\t\t<\/div>\n\t\t\t\t<div class=\"elementor-element elementor-element-3ddc1d6 elementor-view-stacked elementor-position-left elementor-widget-icon-box wgl-icon-box elementor-shape-circle aleft elementor-widget elementor-widget-wgl-info-box\" data-id=\"3ddc1d6\" data-element_type=\"widget\" data-e-type=\"widget\" data-widget_type=\"wgl-info-box.default\">\n\t\t\t\t<div class=\"elementor-widget-container\">\n\t\t\t\t\t<div class=\"wgl-infobox\"><div class=\"wgl-infobox_wrapper elementor-icon-box-wrapper\"><div class=\"wgl-infobox-icon_wrapper elementor-icon-box-icon\"><div class=\"wgl-infobox-icon_container\"><span class=\"wgl-icon elementor-icon elementor-animation-\" ><i class=\"icon flaticon-correct\"><\/i><\/span><\/div><\/div><div class=\"wgl-infobox-content_wrapper elementor-icon-box-content\"><div class=\"wgl-infobox-title_wrapper\"><h3 class=\"wgl-infobox_title\">Technology compatibility<\/h3><\/div><div class=\"wgl-infobox_content\"><p>The configuration of El Bobar WWTP allows us to operate the AQU-ELAN\u00ae system independently of the AnMBR system. The high load process removes organic matter but not ammonium, hence this current WWTP tributary is the ideal stream to be introduced into the system.<\/p><\/div><\/div><\/div><\/div>\t\t\t\t<\/div>\n\t\t\t\t<\/div>\n\t\t\t\t<div class=\"elementor-element elementor-element-9388599 elementor-view-stacked elementor-position-left elementor-widget-icon-box wgl-icon-box elementor-shape-circle aleft elementor-widget elementor-widget-wgl-info-box\" data-id=\"9388599\" data-element_type=\"widget\" data-e-type=\"widget\" data-widget_type=\"wgl-info-box.default\">\n\t\t\t\t<div class=\"elementor-widget-container\">\n\t\t\t\t\t<div class=\"wgl-infobox\"><div class=\"wgl-infobox_wrapper elementor-icon-box-wrapper\"><div class=\"wgl-infobox-icon_wrapper elementor-icon-box-icon\"><div class=\"wgl-infobox-icon_container\"><span class=\"wgl-icon elementor-icon elementor-animation-\" ><i class=\"icon flaticon-correct\"><\/i><\/span><\/div><\/div><div class=\"wgl-infobox-content_wrapper elementor-icon-box-content\"><div class=\"wgl-infobox-title_wrapper\"><h3 class=\"wgl-infobox_title\">Instant check<\/h3><\/div><div class=\"wgl-infobox_content\"><p>The performance and quality of the effluent from an AnMBR system and a high-load system can be compared on site.<\/p><\/div><\/div><\/div><\/div>\t\t\t\t<\/div>\n\t\t\t\t<\/div>\n\t\t\t\t<div class=\"elementor-element elementor-element-2d0cf43 elementor-view-stacked elementor-position-left elementor-widget-icon-box wgl-icon-box elementor-shape-circle aleft elementor-widget elementor-widget-wgl-info-box\" data-id=\"2d0cf43\" data-element_type=\"widget\" data-e-type=\"widget\" data-widget_type=\"wgl-info-box.default\">\n\t\t\t\t<div class=\"elementor-widget-container\">\n\t\t\t\t\t<div class=\"wgl-infobox\"><div class=\"wgl-infobox_wrapper elementor-icon-box-wrapper\"><div class=\"wgl-infobox-icon_wrapper elementor-icon-box-icon\"><div class=\"wgl-infobox-icon_container\"><span class=\"wgl-icon elementor-icon elementor-animation-\" ><i class=\"icon flaticon-correct\"><\/i><\/span><\/div><\/div><div class=\"wgl-infobox-content_wrapper elementor-icon-box-content\"><div class=\"wgl-infobox-title_wrapper\"><h3 class=\"wgl-infobox_title\">Qualified staff<\/h3><\/div><div class=\"wgl-infobox_content\"><p>The WWTP is operated by qualified staff from AQUALIA that will ensure the proper functioning of the demo plant.<\/p><\/div><\/div><\/div><\/div>\t\t\t\t<\/div>\n\t\t\t\t<\/div>\n\t\t\t\t<div class=\"elementor-element elementor-element-c0b6976 elementor-widget elementor-widget-spacer\" data-id=\"c0b6976\" data-element_type=\"widget\" data-e-type=\"widget\" data-widget_type=\"spacer.default\">\n\t\t\t\t<div class=\"elementor-widget-container\">\n\t\t\t\t\t\t\t<div class=\"elementor-spacer\">\n\t\t\t<div class=\"elementor-spacer-inner\"><\/div>\n\t\t<\/div>\n\t\t\t\t\t\t<\/div>\n\t\t\t\t<\/div>\n\t\t\t\t\t<\/div>\n\t\t<\/div>\n\t\t\t\t\t<\/div>\n\t\t<\/section>\n\t\t\t\t<div class=\"elementor-element elementor-element-97075c7 elementor-widget elementor-widget-spacer\" data-id=\"97075c7\" data-element_type=\"widget\" data-e-type=\"widget\" data-widget_type=\"spacer.default\">\n\t\t\t\t<div class=\"elementor-widget-container\">\n\t\t\t\t\t\t\t<div class=\"elementor-spacer\">\n\t\t\t<div class=\"elementor-spacer-inner\"><\/div>\n\t\t<\/div>\n\t\t\t\t\t\t<\/div>\n\t\t\t\t<\/div>\n\t\t\t\t\t<\/div>\n\t\t<\/div>\n\t\t\t\t\t<\/div>\n\t\t<\/section>\n\t\t\t\t<section class=\"elementor-section elementor-top-section elementor-element elementor-element-c2b9b26 elementor-section-boxed elementor-section-height-default elementor-section-height-default\" data-id=\"c2b9b26\" data-element_type=\"section\" data-e-type=\"section\">\n\t\t\t\t\t\t<div class=\"elementor-container elementor-column-gap-default\">\n\t\t\t\t\t<div class=\"elementor-column elementor-col-100 elementor-top-column elementor-element elementor-element-2bc2b81\" data-id=\"2bc2b81\" data-element_type=\"column\" data-e-type=\"column\">\n\t\t\t<div class=\"elementor-widget-wrap elementor-element-populated\">\n\t\t\t\t\t\t<div class=\"elementor-element elementor-element-8396510 elementor-widget elementor-widget-google_maps\" data-id=\"8396510\" data-element_type=\"widget\" data-e-type=\"widget\" data-widget_type=\"google_maps.default\">\n\t\t\t\t<div class=\"elementor-widget-container\">\n\t\t\t\t\t\t\t<div class=\"elementor-custom-embed\">\n\t\t\t<iframe loading=\"lazy\"\n\t\t\t\t\tsrc=\"https:\/\/maps.google.com\/maps?q=EDAR%20El%20Bobar&#038;t=m&#038;z=14&#038;output=embed&#038;iwloc=near\"\n\t\t\t\t\ttitle=\"EDAR El Bobar\"\n\t\t\t\t\taria-label=\"EDAR El Bobar\"\n\t\t\t><\/iframe>\n\t\t<\/div>\n\t\t\t\t\t\t<\/div>\n\t\t\t\t<\/div>\n\t\t\t\t<div class=\"elementor-element elementor-element-24dbc19 elementor-widget elementor-widget-spacer\" data-id=\"24dbc19\" data-element_type=\"widget\" data-e-type=\"widget\" data-widget_type=\"spacer.default\">\n\t\t\t\t<div class=\"elementor-widget-container\">\n\t\t\t\t\t\t\t<div class=\"elementor-spacer\">\n\t\t\t<div class=\"elementor-spacer-inner\"><\/div>\n\t\t<\/div>\n\t\t\t\t\t\t<\/div>\n\t\t\t\t<\/div>\n\t\t\t\t\t<\/div>\n\t\t<\/div>\n\t\t\t\t\t<\/div>\n\t\t<\/section>\n\t\t\t\t<section class=\"elementor-section elementor-top-section elementor-element elementor-element-a4cd0f5 elementor-section-stretched elementor-section-boxed elementor-section-height-default elementor-section-height-default\" data-id=\"a4cd0f5\" data-element_type=\"section\" data-e-type=\"section\" data-settings=\"{&quot;stretch_section&quot;:&quot;section-stretched&quot;,&quot;background_background&quot;:&quot;classic&quot;}\">\n\t\t\t\t\t\t<div class=\"elementor-container elementor-column-gap-default\">\n\t\t\t\t\t<div class=\"elementor-column elementor-col-100 elementor-top-column elementor-element elementor-element-38014b5\" data-id=\"38014b5\" data-element_type=\"column\" data-e-type=\"column\">\n\t\t\t<div class=\"elementor-widget-wrap elementor-element-populated\">\n\t\t\t\t\t\t<div class=\"elementor-element elementor-element-57a9327 elementor-widget elementor-widget-spacer\" data-id=\"57a9327\" data-element_type=\"widget\" data-e-type=\"widget\" data-widget_type=\"spacer.default\">\n\t\t\t\t<div class=\"elementor-widget-container\">\n\t\t\t\t\t\t\t<div class=\"elementor-spacer\">\n\t\t\t<div class=\"elementor-spacer-inner\"><\/div>\n\t\t<\/div>\n\t\t\t\t\t\t<\/div>\n\t\t\t\t<\/div>\n\t\t\t\t<div class=\"elementor-element elementor-element-2ee1d81 divider_yes elementor-widget elementor-widget-wgl-double-headings\" data-id=\"2ee1d81\" data-element_type=\"widget\" data-e-type=\"widget\" data-widget_type=\"wgl-double-headings.default\">\n\t\t\t\t<div class=\"elementor-widget-container\">\n\t\t\t\t\t<div class=\"wgl-double_heading acenter\"><div class=\"dbl-subtitle\"><span>Implementation<\/span><\/div>\t\t\t\t<h3 class=\"dbl-title_wrapper\"><span class=\"dbl-title dbl-title_1\">Plant location\n<\/span> \t\t\t\t<\/h3><span class=\"dbl-title dbl-bg_text\">Plant<\/span> \t\t<\/div>\t\t\t\t<\/div>\n\t\t\t\t<\/div>\n\t\t\t\t<div class=\"elementor-element elementor-element-c4c4a2e elementor-widget elementor-widget-spacer\" data-id=\"c4c4a2e\" data-element_type=\"widget\" data-e-type=\"widget\" data-widget_type=\"spacer.default\">\n\t\t\t\t<div class=\"elementor-widget-container\">\n\t\t\t\t\t\t\t<div class=\"elementor-spacer\">\n\t\t\t<div class=\"elementor-spacer-inner\"><\/div>\n\t\t<\/div>\n\t\t\t\t\t\t<\/div>\n\t\t\t\t<\/div>\n\t\t\t\t<div class=\"elementor-element elementor-element-fd31c9c elementor-widget elementor-widget-image\" data-id=\"fd31c9c\" data-element_type=\"widget\" data-e-type=\"widget\" data-widget_type=\"image.default\">\n\t\t\t\t<div class=\"elementor-widget-container\">\n\t\t\t\t\t\t\t\t\t\t\t\t\t\t\t<img fetchpriority=\"high\" decoding=\"async\" width=\"999\" height=\"681\" src=\"https:\/\/peru-rabbit-439936.hostingersite.com\/wp-content\/uploads\/2025\/07\/Mapa_ElBobar.png\" class=\"attachment-large size-large wp-image-7677\" alt=\"\" srcset=\"https:\/\/lifezerowastewater.eu\/wp-content\/uploads\/2025\/07\/Mapa_ElBobar.png 999w, https:\/\/lifezerowastewater.eu\/wp-content\/uploads\/2025\/07\/Mapa_ElBobar-300x205.png 300w, https:\/\/lifezerowastewater.eu\/wp-content\/uploads\/2025\/07\/Mapa_ElBobar-768x524.png 768w\" sizes=\"(max-width: 999px) 100vw, 999px\" \/>\t\t\t\t\t\t\t\t\t\t\t\t\t\t\t<\/div>\n\t\t\t\t<\/div>\n\t\t\t\t\t<\/div>\n\t\t<\/div>\n\t\t\t\t\t<\/div>\n\t\t<\/section>\n\t\t\t\t<\/div>\n\t\t","protected":false},"excerpt":{"rendered":"<p>Location El Bobar WWTP WWTP The demo plant of the LIFE ZERO WASTE WATER project is located in El Bobar WWTP, Almer\u00eda. Where are we? AQUALIA | El Bobar WWTP [&hellip;]<\/p>\n","protected":false},"author":1,"featured_media":0,"parent":0,"menu_order":0,"comment_status":"closed","ping_status":"closed","template":"","meta":{"footnotes":""},"class_list":["post-5923","page","type-page","status-publish","hentry"],"yoast_head":"<!-- This site is optimized with the Yoast SEO plugin v27.2 - https:\/\/yoast.com\/product\/yoast-seo-wordpress\/ -->\n<title>Location - Life Zero Waste Water<\/title>\n<meta name=\"description\" content=\"The demo plant of the LIFE ZERO WASTE WATER project is located in El Bobar WWTP, Almer\u00eda.\" \/>\n<meta name=\"robots\" content=\"index, follow, max-snippet:-1, max-image-preview:large, max-video-preview:-1\" \/>\n<link rel=\"canonical\" href=\"https:\/\/lifezerowastewater.eu\/en\/location\/\" \/>\n<meta property=\"og:locale\" content=\"en_US\" \/>\n<meta property=\"og:type\" content=\"article\" \/>\n<meta property=\"og:title\" content=\"Location - Life Zero Waste Water\" \/>\n<meta property=\"og:description\" content=\"The demo plant of the LIFE ZERO WASTE WATER project is located in El Bobar WWTP, Almer\u00eda.\" \/>\n<meta property=\"og:url\" content=\"https:\/\/lifezerowastewater.eu\/en\/location\/\" \/>\n<meta property=\"og:site_name\" content=\"Life Zero Waste Water\" \/>\n<meta property=\"article:modified_time\" content=\"2025-07-08T11:02:51+00:00\" \/>\n<meta property=\"og:image\" content=\"http:\/\/lifezerowastewater.eu\/wp-content\/uploads\/2025\/07\/Mapa_ElBobar.png\" \/>\n<meta name=\"twitter:card\" content=\"summary_large_image\" \/>\n<meta name=\"twitter:label1\" content=\"Est. reading time\" \/>\n\t<meta name=\"twitter:data1\" content=\"2 minutes\" \/>\n<script type=\"application\/ld+json\" class=\"yoast-schema-graph\">{\"@context\":\"https:\/\/schema.org\",\"@graph\":[{\"@type\":\"WebPage\",\"@id\":\"https:\/\/lifezerowastewater.eu\/en\/location\/\",\"url\":\"https:\/\/lifezerowastewater.eu\/en\/location\/\",\"name\":\"Location - Life Zero Waste Water\",\"isPartOf\":{\"@id\":\"https:\/\/lifezerowastewater.eu\/en\/#website\"},\"primaryImageOfPage\":{\"@id\":\"https:\/\/lifezerowastewater.eu\/en\/location\/#primaryimage\"},\"image\":{\"@id\":\"https:\/\/lifezerowastewater.eu\/en\/location\/#primaryimage\"},\"thumbnailUrl\":\"http:\/\/lifezerowastewater.eu\/wp-content\/uploads\/2025\/07\/Mapa_ElBobar.png\",\"datePublished\":\"2021-04-28T13:37:06+00:00\",\"dateModified\":\"2025-07-08T11:02:51+00:00\",\"description\":\"The demo plant of the LIFE ZERO WASTE WATER project is located in El Bobar WWTP, Almer\u00eda.\",\"breadcrumb\":{\"@id\":\"https:\/\/lifezerowastewater.eu\/en\/location\/#breadcrumb\"},\"inLanguage\":\"en-US\",\"potentialAction\":[{\"@type\":\"ReadAction\",\"target\":[\"https:\/\/lifezerowastewater.eu\/en\/location\/\"]}]},{\"@type\":\"ImageObject\",\"inLanguage\":\"en-US\",\"@id\":\"https:\/\/lifezerowastewater.eu\/en\/location\/#primaryimage\",\"url\":\"http:\/\/lifezerowastewater.eu\/wp-content\/uploads\/2025\/07\/Mapa_ElBobar.png\",\"contentUrl\":\"http:\/\/lifezerowastewater.eu\/wp-content\/uploads\/2025\/07\/Mapa_ElBobar.png\"},{\"@type\":\"BreadcrumbList\",\"@id\":\"https:\/\/lifezerowastewater.eu\/en\/location\/#breadcrumb\",\"itemListElement\":[{\"@type\":\"ListItem\",\"position\":1,\"name\":\"Home\",\"item\":\"https:\/\/lifezerowastewater.eu\/en\/\"},{\"@type\":\"ListItem\",\"position\":2,\"name\":\"Location\"}]},{\"@type\":\"WebSite\",\"@id\":\"https:\/\/lifezerowastewater.eu\/en\/#website\",\"url\":\"https:\/\/lifezerowastewater.eu\/en\/\",\"name\":\"Life Zero Waste Water\",\"description\":\"\",\"potentialAction\":[{\"@type\":\"SearchAction\",\"target\":{\"@type\":\"EntryPoint\",\"urlTemplate\":\"https:\/\/lifezerowastewater.eu\/en\/?s={search_term_string}\"},\"query-input\":{\"@type\":\"PropertyValueSpecification\",\"valueRequired\":true,\"valueName\":\"search_term_string\"}}],\"inLanguage\":\"en-US\"}]}<\/script>\n<!-- \/ Yoast SEO plugin. -->","yoast_head_json":{"title":"Location - Life Zero Waste Water","description":"The demo plant of the LIFE ZERO WASTE WATER project is located in El Bobar WWTP, Almer\u00eda.","robots":{"index":"index","follow":"follow","max-snippet":"max-snippet:-1","max-image-preview":"max-image-preview:large","max-video-preview":"max-video-preview:-1"},"canonical":"https:\/\/lifezerowastewater.eu\/en\/location\/","og_locale":"en_US","og_type":"article","og_title":"Location - Life Zero Waste Water","og_description":"The demo plant of the LIFE ZERO WASTE WATER project is located in El Bobar WWTP, Almer\u00eda.","og_url":"https:\/\/lifezerowastewater.eu\/en\/location\/","og_site_name":"Life Zero Waste Water","article_modified_time":"2025-07-08T11:02:51+00:00","og_image":[{"url":"http:\/\/lifezerowastewater.eu\/wp-content\/uploads\/2025\/07\/Mapa_ElBobar.png","type":"","width":"","height":""}],"twitter_card":"summary_large_image","twitter_misc":{"Est. reading time":"2 minutes"},"schema":{"@context":"https:\/\/schema.org","@graph":[{"@type":"WebPage","@id":"https:\/\/lifezerowastewater.eu\/en\/location\/","url":"https:\/\/lifezerowastewater.eu\/en\/location\/","name":"Location - Life Zero Waste Water","isPartOf":{"@id":"https:\/\/lifezerowastewater.eu\/en\/#website"},"primaryImageOfPage":{"@id":"https:\/\/lifezerowastewater.eu\/en\/location\/#primaryimage"},"image":{"@id":"https:\/\/lifezerowastewater.eu\/en\/location\/#primaryimage"},"thumbnailUrl":"http:\/\/lifezerowastewater.eu\/wp-content\/uploads\/2025\/07\/Mapa_ElBobar.png","datePublished":"2021-04-28T13:37:06+00:00","dateModified":"2025-07-08T11:02:51+00:00","description":"The demo plant of the LIFE ZERO WASTE WATER project is located in El Bobar WWTP, Almer\u00eda.","breadcrumb":{"@id":"https:\/\/lifezerowastewater.eu\/en\/location\/#breadcrumb"},"inLanguage":"en-US","potentialAction":[{"@type":"ReadAction","target":["https:\/\/lifezerowastewater.eu\/en\/location\/"]}]},{"@type":"ImageObject","inLanguage":"en-US","@id":"https:\/\/lifezerowastewater.eu\/en\/location\/#primaryimage","url":"http:\/\/lifezerowastewater.eu\/wp-content\/uploads\/2025\/07\/Mapa_ElBobar.png","contentUrl":"http:\/\/lifezerowastewater.eu\/wp-content\/uploads\/2025\/07\/Mapa_ElBobar.png"},{"@type":"BreadcrumbList","@id":"https:\/\/lifezerowastewater.eu\/en\/location\/#breadcrumb","itemListElement":[{"@type":"ListItem","position":1,"name":"Home","item":"https:\/\/lifezerowastewater.eu\/en\/"},{"@type":"ListItem","position":2,"name":"Location"}]},{"@type":"WebSite","@id":"https:\/\/lifezerowastewater.eu\/en\/#website","url":"https:\/\/lifezerowastewater.eu\/en\/","name":"Life Zero Waste Water","description":"","potentialAction":[{"@type":"SearchAction","target":{"@type":"EntryPoint","urlTemplate":"https:\/\/lifezerowastewater.eu\/en\/?s={search_term_string}"},"query-input":{"@type":"PropertyValueSpecification","valueRequired":true,"valueName":"search_term_string"}}],"inLanguage":"en-US"}]}},"_links":{"self":[{"href":"https:\/\/lifezerowastewater.eu\/en\/wp-json\/wp\/v2\/pages\/5923","targetHints":{"allow":["GET"]}}],"collection":[{"href":"https:\/\/lifezerowastewater.eu\/en\/wp-json\/wp\/v2\/pages"}],"about":[{"href":"https:\/\/lifezerowastewater.eu\/en\/wp-json\/wp\/v2\/types\/page"}],"author":[{"embeddable":true,"href":"https:\/\/lifezerowastewater.eu\/en\/wp-json\/wp\/v2\/users\/1"}],"replies":[{"embeddable":true,"href":"https:\/\/lifezerowastewater.eu\/en\/wp-json\/wp\/v2\/comments?post=5923"}],"version-history":[{"count":47,"href":"https:\/\/lifezerowastewater.eu\/en\/wp-json\/wp\/v2\/pages\/5923\/revisions"}],"predecessor-version":[{"id":7690,"href":"https:\/\/lifezerowastewater.eu\/en\/wp-json\/wp\/v2\/pages\/5923\/revisions\/7690"}],"wp:attachment":[{"href":"https:\/\/lifezerowastewater.eu\/en\/wp-json\/wp\/v2\/media?parent=5923"}],"curies":[{"name":"wp","href":"https:\/\/api.w.org\/{rel}","templated":true}]}}